{"id":156977,"date":"2024-05-30T16:17:55","date_gmt":"2024-05-30T19:17:55","guid":{"rendered":"https:\/\/obrascatolicas.com\/editorarealeza\/?page_id=156977"},"modified":"2025-12-17T00:20:51","modified_gmt":"2025-12-17T03:20:51","slug":"24-teses-tomistas","status":"publish","type":"page","link":"https:\/\/obrascatolicas.com\/editorarealeza\/24-teses-tomistas\/","title":{"rendered":"24 teses tomistas"},"content":{"rendered":"\t\t<div data-elementor-type=\"wp-page\" data-elementor-id=\"156977\" class=\"elementor elementor-156977\" data-elementor-post-type=\"page\">\n\t\t\t\t<div class=\"elementor-element elementor-element-d69d24f e-con-full e-flex e-con e-parent\" data-id=\"d69d24f\" data-element_type=\"container\" data-e-type=\"container\" data-settings=\"{&quot;background_background&quot;:&quot;classic&quot;}\">\n\t\t<div class=\"elementor-element elementor-element-378deb3 e-flex e-con-boxed e-con e-child\" data-id=\"378deb3\" data-element_type=\"container\" data-e-type=\"container\">\n\t\t\t\t\t<div class=\"e-con-inner\">\n\t\t<div class=\"elementor-element elementor-element-e7b51d2 e-flex e-con-boxed e-con e-child\" data-id=\"e7b51d2\" data-element_type=\"container\" data-e-type=\"container\">\n\t\t\t\t\t<div class=\"e-con-inner\">\n\t\t\t\t<div class=\"elementor-element elementor-element-11257e9 elementor-widget elementor-widget-image\" data-id=\"11257e9\" data-element_type=\"widget\" data-e-type=\"widget\" data-widget_type=\"image.default\">\n\t\t\t\t<div class=\"elementor-widget-container\">\n\t\t\t\t\t\t\t\t\t\t\t\t\t\t\t<img decoding=\"async\" width=\"57\" height=\"106\" src=\"https:\/\/obrascatolicas.com\/editorarealeza\/wp-content\/uploads\/2024\/05\/LOGO.png\" class=\"attachment-large size-large wp-image-156988\" alt=\"\" \/>\t\t\t\t\t\t\t\t\t\t\t\t\t\t\t<\/div>\n\t\t\t\t<\/div>\n\t\t\t\t<div class=\"elementor-element elementor-element-647d5b6 elementor-widget elementor-widget-heading\" data-id=\"647d5b6\" data-element_type=\"widget\" data-e-type=\"widget\" data-widget_type=\"heading.default\">\n\t\t\t\t<div class=\"elementor-widget-container\">\n\t\t\t\t\t<h2 class=\"elementor-heading-title elementor-size-default\">As 24 Teses da Filosofia de Santo Tom\u00e1s de Aquino<\/h2>\t\t\t\t<\/div>\n\t\t\t\t<\/div>\n\t\t\t\t<div class=\"elementor-element elementor-element-eb0dfdb elementor-widget elementor-widget-text-editor\" data-id=\"eb0dfdb\" data-element_type=\"widget\" data-e-type=\"widget\" data-widget_type=\"text-editor.default\">\n\t\t\t\t<div class=\"elementor-widget-container\">\n\t\t\t\t\t\t\t\t\t<p>PE. GUIDO MATTIUSSI, S. J.<\/p>\t\t\t\t\t\t\t\t<\/div>\n\t\t\t\t<\/div>\n\t\t\t\t<div class=\"elementor-element elementor-element-412c50e elementor-mobile-align-center elementor-widget elementor-widget-button\" data-id=\"412c50e\" data-element_type=\"widget\" data-e-type=\"widget\" data-widget_type=\"button.default\">\n\t\t\t\t<div class=\"elementor-widget-container\">\n\t\t\t\t\t\t\t\t\t<div class=\"elementor-button-wrapper\">\n\t\t\t\t\t<a class=\"elementor-button elementor-button-link elementor-size-sm\" href=\"https:\/\/www.loja.obrascatolicas.com\/as-24-teses-da-filosofia-de-santo-tomas-de-aquino\">\n\t\t\t\t\t\t<span class=\"elementor-button-content-wrapper\">\n\t\t\t\t\t\t\t\t\t<span class=\"elementor-button-text\">GARANTIR OBRA<\/span>\n\t\t\t\t\t<\/span>\n\t\t\t\t\t<\/a>\n\t\t\t\t<\/div>\n\t\t\t\t\t\t\t\t<\/div>\n\t\t\t\t<\/div>\n\t\t\t\t\t<\/div>\n\t\t\t\t<\/div>\n\t\t<div class=\"elementor-element elementor-element-a0d6be3 e-flex e-con-boxed e-con e-child\" data-id=\"a0d6be3\" data-element_type=\"container\" data-e-type=\"container\">\n\t\t\t\t\t<div class=\"e-con-inner\">\n\t\t\t\t<div class=\"elementor-element elementor-element-03bf7ae elementor-widget elementor-widget-image\" data-id=\"03bf7ae\" data-element_type=\"widget\" data-e-type=\"widget\" data-widget_type=\"image.default\">\n\t\t\t\t<div class=\"elementor-widget-container\">\n\t\t\t\t\t\t\t\t\t\t\t\t\t\t\t<img fetchpriority=\"high\" decoding=\"async\" width=\"831\" height=\"669\" src=\"https:\/\/obrascatolicas.com\/editorarealeza\/wp-content\/uploads\/2024\/05\/MOCKUP-1.png\" class=\"attachment-large size-large wp-image-156987\" alt=\"\" srcset=\"https:\/\/obrascatolicas.com\/editorarealeza\/wp-content\/uploads\/2024\/05\/MOCKUP-1.png 831w, https:\/\/obrascatolicas.com\/editorarealeza\/wp-content\/uploads\/2024\/05\/MOCKUP-1-600x483.png 600w, https:\/\/obrascatolicas.com\/editorarealeza\/wp-content\/uploads\/2024\/05\/MOCKUP-1-300x242.png 300w, https:\/\/obrascatolicas.com\/editorarealeza\/wp-content\/uploads\/2024\/05\/MOCKUP-1-768x618.png 768w\" sizes=\"(max-width: 831px) 100vw, 831px\" \/>\t\t\t\t\t\t\t\t\t\t\t\t\t\t\t<\/div>\n\t\t\t\t<\/div>\n\t\t\t\t\t<\/div>\n\t\t\t\t<\/div>\n\t\t\t\t\t<\/div>\n\t\t\t\t<\/div>\n\t\t\t\t<\/div>\n\t\t<div class=\"elementor-element elementor-element-ec3f997 e-flex e-con-boxed e-con e-parent\" data-id=\"ec3f997\" data-element_type=\"container\" data-e-type=\"container\" data-settings=\"{&quot;background_background&quot;:&quot;classic&quot;}\">\n\t\t\t\t\t<div class=\"e-con-inner\">\n\t\t<div class=\"elementor-element elementor-element-639f921 e-flex e-con-boxed e-con e-child\" data-id=\"639f921\" data-element_type=\"container\" data-e-type=\"container\">\n\t\t\t\t\t<div class=\"e-con-inner\">\n\t\t<div class=\"elementor-element elementor-element-638d7a1 e-flex e-con-boxed e-con e-child\" data-id=\"638d7a1\" data-element_type=\"container\" data-e-type=\"container\">\n\t\t\t\t\t<div class=\"e-con-inner\">\n\t\t\t\t<div class=\"elementor-element elementor-element-982aae3 elementor-widget elementor-widget-image\" data-id=\"982aae3\" data-element_type=\"widget\" data-e-type=\"widget\" data-widget_type=\"image.default\">\n\t\t\t\t<div class=\"elementor-widget-container\">\n\t\t\t\t\t\t\t\t\t\t\t\t\t\t\t<img decoding=\"async\" width=\"480\" height=\"743\" src=\"https:\/\/obrascatolicas.com\/editorarealeza\/wp-content\/uploads\/2024\/05\/MOCKUP-2.png\" class=\"attachment-large size-large wp-image-156995\" alt=\"\" srcset=\"https:\/\/obrascatolicas.com\/editorarealeza\/wp-content\/uploads\/2024\/05\/MOCKUP-2.png 480w, https:\/\/obrascatolicas.com\/editorarealeza\/wp-content\/uploads\/2024\/05\/MOCKUP-2-194x300.png 194w\" sizes=\"(max-width: 480px) 100vw, 480px\" \/>\t\t\t\t\t\t\t\t\t\t\t\t\t\t\t<\/div>\n\t\t\t\t<\/div>\n\t\t\t\t\t<\/div>\n\t\t\t\t<\/div>\n\t\t<div class=\"elementor-element elementor-element-fb6c35f e-flex e-con-boxed e-con e-child\" data-id=\"fb6c35f\" data-element_type=\"container\" data-e-type=\"container\">\n\t\t\t\t\t<div class=\"e-con-inner\">\n\t\t\t\t<div class=\"elementor-element elementor-element-cba4e16 elementor-widget elementor-widget-heading\" data-id=\"cba4e16\" data-element_type=\"widget\" data-e-type=\"widget\" data-widget_type=\"heading.default\">\n\t\t\t\t<div class=\"elementor-widget-container\">\n\t\t\t\t\t<h2 class=\"elementor-heading-title elementor-size-default\">As 24 Teses Tomistas <span style=\"font-size: 40px;font-style: normal;font-weight: 400\">\u00e9 <\/span><span style=\"font-size: 40px;font-weight: 400\">a obra ideal para se conhecer os postulados principais da genu\u00edna Filosofia Tomista.&nbsp;<\/span><span style=\"font-size: 40px;font-weight: 400\"><\/span><br><\/h2>\t\t\t\t<\/div>\n\t\t\t\t<\/div>\n\t\t\t\t<div class=\"elementor-element elementor-element-d8ace24 elementor-widget elementor-widget-text-editor\" data-id=\"d8ace24\" data-element_type=\"widget\" data-e-type=\"widget\" data-widget_type=\"text-editor.default\">\n\t\t\t\t<div class=\"elementor-widget-container\">\n\t\t\t\t\t\t\t\t\t<p>Em 24 teses fundamentais, a Filosofia de Santo Tom\u00e1s de Aquino: a mais eficaz em rebater os erros, a mais l\u00facida em expor a verdade e a mais profunda ao ilustrar, tanto quanto se pode com a luz da raz\u00e3o, os divinos mist\u00e9rios.<\/p>\t\t\t\t\t\t\t\t<\/div>\n\t\t\t\t<\/div>\n\t\t\t\t\t<\/div>\n\t\t\t\t<\/div>\n\t\t\t\t\t<\/div>\n\t\t\t\t<\/div>\n\t\t\t\t\t<\/div>\n\t\t\t\t<\/div>\n\t\t<div class=\"elementor-element elementor-element-353c172 e-flex e-con-boxed e-con e-parent\" data-id=\"353c172\" data-element_type=\"container\" data-e-type=\"container\" data-settings=\"{&quot;background_background&quot;:&quot;classic&quot;}\">\n\t\t\t\t\t<div class=\"e-con-inner\">\n\t\t<div class=\"elementor-element elementor-element-1ebe240 e-flex e-con-boxed e-con e-child\" data-id=\"1ebe240\" data-element_type=\"container\" data-e-type=\"container\">\n\t\t\t\t\t<div class=\"e-con-inner\">\n\t\t<div class=\"elementor-element elementor-element-e41bb59 e-flex e-con-boxed e-con e-child\" data-id=\"e41bb59\" data-element_type=\"container\" data-e-type=\"container\">\n\t\t\t\t\t<div class=\"e-con-inner\">\n\t\t\t\t<div class=\"elementor-element elementor-element-f8d9360 elementor-widget elementor-widget-image\" data-id=\"f8d9360\" data-element_type=\"widget\" data-e-type=\"widget\" data-widget_type=\"image.default\">\n\t\t\t\t<div class=\"elementor-widget-container\">\n\t\t\t\t\t\t\t\t\t\t\t\t\t\t\t<img loading=\"lazy\" decoding=\"async\" width=\"762\" height=\"825\" src=\"https:\/\/obrascatolicas.com\/editorarealeza\/wp-content\/uploads\/2024\/05\/MOLDURA.png\" class=\"attachment-large size-large wp-image-156996\" alt=\"\" srcset=\"https:\/\/obrascatolicas.com\/editorarealeza\/wp-content\/uploads\/2024\/05\/MOLDURA.png 762w, https:\/\/obrascatolicas.com\/editorarealeza\/wp-content\/uploads\/2024\/05\/MOLDURA-600x650.png 600w, https:\/\/obrascatolicas.com\/editorarealeza\/wp-content\/uploads\/2024\/05\/MOLDURA-277x300.png 277w\" sizes=\"(max-width: 762px) 100vw, 762px\" \/>\t\t\t\t\t\t\t\t\t\t\t\t\t\t\t<\/div>\n\t\t\t\t<\/div>\n\t\t\t\t\t<\/div>\n\t\t\t\t<\/div>\n\t\t<div class=\"elementor-element elementor-element-c9f3d3a e-flex e-con-boxed e-con e-child\" data-id=\"c9f3d3a\" data-element_type=\"container\" data-e-type=\"container\">\n\t\t\t\t\t<div class=\"e-con-inner\">\n\t\t\t\t<div class=\"elementor-element elementor-element-f51ac18 elementor-widget elementor-widget-heading\" data-id=\"f51ac18\" data-element_type=\"widget\" data-e-type=\"widget\" data-widget_type=\"heading.default\">\n\t\t\t\t<div class=\"elementor-widget-container\">\n\t\t\t\t\t<h2 class=\"elementor-heading-title elementor-size-default\">Esta obra in\u00e9dita em nosso pa\u00eds \u00e9 uma exposi\u00e7\u00e3o das teses fundamentais da filosofia tomista,<\/h2>\t\t\t\t<\/div>\n\t\t\t\t<\/div>\n\t\t\t\t<div class=\"elementor-element elementor-element-1e56ec4 elementor-widget elementor-widget-text-editor\" data-id=\"1e56ec4\" data-element_type=\"widget\" data-e-type=\"widget\" data-widget_type=\"text-editor.default\">\n\t\t\t\t<div class=\"elementor-widget-container\">\n\t\t\t\t\t\t\t\t\t<p>recomendada vivamente pelo Magist\u00e9rio Perene da Igreja como aquela mais apta a expor \u00e0 intelig\u00eancia a verdade revelada por Deus, declarando-a e defendendo-a.<\/p>\t\t\t\t\t\t\t\t<\/div>\n\t\t\t\t<\/div>\n\t\t\t\t\t<\/div>\n\t\t\t\t<\/div>\n\t\t\t\t\t<\/div>\n\t\t\t\t<\/div>\n\t\t\t\t\t<\/div>\n\t\t\t\t<\/div>\n\t\t<div class=\"elementor-element elementor-element-46c5fcf e-flex e-con-boxed e-con e-parent\" data-id=\"46c5fcf\" data-element_type=\"container\" data-e-type=\"container\" data-settings=\"{&quot;background_background&quot;:&quot;classic&quot;}\">\n\t\t\t\t\t<div class=\"e-con-inner\">\n\t\t<div class=\"elementor-element elementor-element-bc5aa0f e-con-full e-flex e-con e-child\" data-id=\"bc5aa0f\" data-element_type=\"container\" data-e-type=\"container\" data-settings=\"{&quot;background_background&quot;:&quot;gradient&quot;}\">\n\t\t<div class=\"elementor-element elementor-element-8e126e9 e-con-full e-flex e-con e-child\" data-id=\"8e126e9\" data-element_type=\"container\" data-e-type=\"container\">\n\t\t\t\t<div class=\"elementor-element elementor-element-2f411f4 elementor-widget elementor-widget-heading\" data-id=\"2f411f4\" data-element_type=\"widget\" data-e-type=\"widget\" data-widget_type=\"heading.default\">\n\t\t\t\t<div class=\"elementor-widget-container\">\n\t\t\t\t\t<h2 class=\"elementor-heading-title elementor-size-default\">O modo de desdobrar e defender as verdades dogm\u00e1ticas depende maximamente da metaf\u00edsica,<\/h2>\t\t\t\t<\/div>\n\t\t\t\t<\/div>\n\t\t\t\t<div class=\"elementor-element elementor-element-f2e07a9 elementor-widget elementor-widget-heading\" data-id=\"f2e07a9\" data-element_type=\"widget\" data-e-type=\"widget\" data-widget_type=\"heading.default\">\n\t\t\t\t<div class=\"elementor-widget-container\">\n\t\t\t\t\t<h2 class=\"elementor-heading-title elementor-size-default\">e \"As 24 Teses da Filosofia de Santo Tom\u00e1s de Aquino\" intencionam difundir esse conhecimento fundamental para a religi\u00e3o, sem o qual n\u00e3o se pode prescindir de cair em v\u00edcios intelectuais perniciosos e prejudiciais \u00e0 f\u00e9.<\/h2>\t\t\t\t<\/div>\n\t\t\t\t<\/div>\n\t\t\t\t<\/div>\n\t\t\t\t<\/div>\n\t\t\t\t\t<\/div>\n\t\t\t\t<\/div>\n\t\t<div class=\"elementor-element elementor-element-fee333e e-flex e-con-boxed e-con e-parent\" data-id=\"fee333e\" data-element_type=\"container\" data-e-type=\"container\" data-settings=\"{&quot;background_background&quot;:&quot;classic&quot;}\">\n\t\t\t\t\t<div class=\"e-con-inner\">\n\t\t<div class=\"elementor-element elementor-element-a6fdd4f e-flex e-con-boxed e-con e-child\" data-id=\"a6fdd4f\" data-element_type=\"container\" data-e-type=\"container\">\n\t\t\t\t\t<div class=\"e-con-inner\">\n\t\t<div class=\"elementor-element elementor-element-04cb8cb e-flex e-con-boxed e-con e-child\" data-id=\"04cb8cb\" data-element_type=\"container\" data-e-type=\"container\">\n\t\t\t\t\t<div class=\"e-con-inner\">\n\t\t\t\t<div class=\"elementor-element elementor-element-72c41ba elementor-widget elementor-widget-image\" data-id=\"72c41ba\" data-element_type=\"widget\" data-e-type=\"widget\" data-widget_type=\"image.default\">\n\t\t\t\t<div class=\"elementor-widget-container\">\n\t\t\t\t\t\t\t\t\t\t\t\t\t\t\t<img loading=\"lazy\" decoding=\"async\" width=\"1024\" height=\"1024\" src=\"https:\/\/obrascatolicas.com\/editorarealeza\/wp-content\/uploads\/2024\/05\/MOCKUP-3-1024x1024.jpg\" class=\"attachment-large size-large wp-image-157005\" alt=\"\" srcset=\"https:\/\/obrascatolicas.com\/editorarealeza\/wp-content\/uploads\/2024\/05\/MOCKUP-3-1024x1024.jpg 1024w, https:\/\/obrascatolicas.com\/editorarealeza\/wp-content\/uploads\/2024\/05\/MOCKUP-3-300x300.jpg 300w, https:\/\/obrascatolicas.com\/editorarealeza\/wp-content\/uploads\/2024\/05\/MOCKUP-3-100x100.jpg 100w, https:\/\/obrascatolicas.com\/editorarealeza\/wp-content\/uploads\/2024\/05\/MOCKUP-3-600x600.jpg 600w, https:\/\/obrascatolicas.com\/editorarealeza\/wp-content\/uploads\/2024\/05\/MOCKUP-3-150x150.jpg 150w, https:\/\/obrascatolicas.com\/editorarealeza\/wp-content\/uploads\/2024\/05\/MOCKUP-3-768x768.jpg 768w, https:\/\/obrascatolicas.com\/editorarealeza\/wp-content\/uploads\/2024\/05\/MOCKUP-3-1536x1536.jpg 1536w, https:\/\/obrascatolicas.com\/editorarealeza\/wp-content\/uploads\/2024\/05\/MOCKUP-3.jpg 2000w\" sizes=\"(max-width: 1024px) 100vw, 1024px\" \/>\t\t\t\t\t\t\t\t\t\t\t\t\t\t\t<\/div>\n\t\t\t\t<\/div>\n\t\t\t\t\t<\/div>\n\t\t\t\t<\/div>\n\t\t<div class=\"elementor-element elementor-element-1011bac e-flex e-con-boxed e-con e-child\" data-id=\"1011bac\" data-element_type=\"container\" data-e-type=\"container\">\n\t\t\t\t\t<div class=\"e-con-inner\">\n\t\t\t\t<div class=\"elementor-element elementor-element-b75663a elementor-widget elementor-widget-heading\" data-id=\"b75663a\" data-element_type=\"widget\" data-e-type=\"widget\" data-widget_type=\"heading.default\">\n\t\t\t\t<div class=\"elementor-widget-container\">\n\t\t\t\t\t<h2 class=\"elementor-heading-title elementor-size-default\">Caracter\u00edsticas do livro:<\/h2>\t\t\t\t<\/div>\n\t\t\t\t<\/div>\n\t\t\t\t<div class=\"elementor-element elementor-element-eb112e5 elementor-icon-list--layout-traditional elementor-list-item-link-full_width elementor-widget elementor-widget-icon-list\" data-id=\"eb112e5\" data-element_type=\"widget\" data-e-type=\"widget\" data-widget_type=\"icon-list.default\">\n\t\t\t\t<div class=\"elementor-widget-container\">\n\t\t\t\t\t\t\t<ul class=\"elementor-icon-list-items\">\n\t\t\t\t\t\t\t<li class=\"elementor-icon-list-item\">\n\t\t\t\t\t\t\t\t\t\t\t<span class=\"elementor-icon-list-icon\">\n\t\t\t\t\t\t\t<i aria-hidden=\"true\" class=\"fas fa-check-square\"><\/i>\t\t\t\t\t\t<\/span>\n\t\t\t\t\t\t\t\t\t\t<span class=\"elementor-icon-list-text\">320\u00a0p\u00e1ginas<\/span>\n\t\t\t\t\t\t\t\t\t<\/li>\n\t\t\t\t\t\t\t\t<li class=\"elementor-icon-list-item\">\n\t\t\t\t\t\t\t\t\t\t\t<span class=\"elementor-icon-list-icon\">\n\t\t\t\t\t\t\t<i aria-hidden=\"true\" class=\"fas fa-check-square\"><\/i>\t\t\t\t\t\t<\/span>\n\t\t\t\t\t\t\t\t\t\t<span class=\"elementor-icon-list-text\">Capa Dura<\/span>\n\t\t\t\t\t\t\t\t\t<\/li>\n\t\t\t\t\t\t\t\t<li class=\"elementor-icon-list-item\">\n\t\t\t\t\t\t\t\t\t\t\t<span class=\"elementor-icon-list-icon\">\n\t\t\t\t\t\t\t<i aria-hidden=\"true\" class=\"fas fa-check-square\"><\/i>\t\t\t\t\t\t<\/span>\n\t\t\t\t\t\t\t\t\t\t<span class=\"elementor-icon-list-text\">Dimens\u00f5es: 16x23cm<\/span>\n\t\t\t\t\t\t\t\t\t<\/li>\n\t\t\t\t\t\t<\/ul>\n\t\t\t\t\t\t<\/div>\n\t\t\t\t<\/div>\n\t\t\t\t<div class=\"elementor-element elementor-element-da8d2c8 elementor-mobile-align-center elementor-widget elementor-widget-button\" data-id=\"da8d2c8\" data-element_type=\"widget\" data-e-type=\"widget\" data-widget_type=\"button.default\">\n\t\t\t\t<div class=\"elementor-widget-container\">\n\t\t\t\t\t\t\t\t\t<div class=\"elementor-button-wrapper\">\n\t\t\t\t\t<a class=\"elementor-button elementor-button-link elementor-size-sm\" href=\"https:\/\/www.loja.obrascatolicas.com\/as-24-teses-da-filosofia-de-santo-tomas-de-aquino\">\n\t\t\t\t\t\t<span class=\"elementor-button-content-wrapper\">\n\t\t\t\t\t\t\t\t\t<span class=\"elementor-button-text\">GARANTIR OBRA<\/span>\n\t\t\t\t\t<\/span>\n\t\t\t\t\t<\/a>\n\t\t\t\t<\/div>\n\t\t\t\t\t\t\t\t<\/div>\n\t\t\t\t<\/div>\n\t\t\t\t\t<\/div>\n\t\t\t\t<\/div>\n\t\t\t\t\t<\/div>\n\t\t\t\t<\/div>\n\t\t\t\t\t<\/div>\n\t\t\t\t<\/div>\n\t\t<div class=\"elementor-element elementor-element-a28a45e e-con-full e-flex e-con e-parent\" data-id=\"a28a45e\" data-element_type=\"container\" data-e-type=\"container\" data-settings=\"{&quot;background_background&quot;:&quot;classic&quot;}\">\n\t\t<div class=\"elementor-element elementor-element-427ab37 e-flex e-con-boxed e-con e-child\" data-id=\"427ab37\" data-element_type=\"container\" data-e-type=\"container\">\n\t\t\t\t\t<div class=\"e-con-inner\">\n\t\t<div class=\"elementor-element elementor-element-c8278e5 e-flex e-con-boxed e-con e-child\" data-id=\"c8278e5\" data-element_type=\"container\" data-e-type=\"container\">\n\t\t\t\t\t<div class=\"e-con-inner\">\n\t\t\t\t<div class=\"elementor-element elementor-element-3a5ceda elementor-widget elementor-widget-text-editor\" data-id=\"3a5ceda\" data-element_type=\"widget\" data-e-type=\"widget\" data-widget_type=\"text-editor.default\">\n\t\t\t\t<div class=\"elementor-widget-container\">\n\t\t\t\t\t\t\t\t\t<p>O Tomismo, em resumo, \u00e9 a filosofia do ser e da verdade, mas \u00e9 tamb\u00e9m e especialmente a Filosofia de Cristo e, por consequ\u00eancia, a Filosofia da Igreja. A mensagem de Cristo oferece, implicitamente, a filosofia do senso comum, da afirma\u00e7\u00e3o existencial, do princ\u00edpio de contradi\u00e7\u00e3o, dos princ\u00edpios de causalidade e finalidade. Tal filosofia natural se encontra nas entrelinhas das Sagradas Escrituras; \u00e9 a Filosofia de Cristo e, consequentemente, a de Santo Tom\u00e1s \u2014 logo, \u00e9 a Filosofia Cat\u00f3lica.<\/p>\t\t\t\t\t\t\t\t<\/div>\n\t\t\t\t<\/div>\n\t\t\t\t<div class=\"elementor-element elementor-element-23e819c elementor-align-center elementor-widget elementor-widget-button\" data-id=\"23e819c\" data-element_type=\"widget\" data-e-type=\"widget\" data-widget_type=\"button.default\">\n\t\t\t\t<div class=\"elementor-widget-container\">\n\t\t\t\t\t\t\t\t\t<div class=\"elementor-button-wrapper\">\n\t\t\t\t\t<a class=\"elementor-button elementor-button-link elementor-size-sm\" href=\"https:\/\/www.loja.obrascatolicas.com\/as-24-teses-da-filosofia-de-santo-tomas-de-aquino\">\n\t\t\t\t\t\t<span class=\"elementor-button-content-wrapper\">\n\t\t\t\t\t\t\t\t\t<span class=\"elementor-button-text\">GARANTIR OBRA<\/span>\n\t\t\t\t\t<\/span>\n\t\t\t\t\t<\/a>\n\t\t\t\t<\/div>\n\t\t\t\t\t\t\t\t<\/div>\n\t\t\t\t<\/div>\n\t\t\t\t<div class=\"elementor-element elementor-element-11bcad3 elementor-widget elementor-widget-image\" data-id=\"11bcad3\" data-element_type=\"widget\" data-e-type=\"widget\" data-widget_type=\"image.default\">\n\t\t\t\t<div class=\"elementor-widget-container\">\n\t\t\t\t\t\t\t\t\t\t\t\t\t\t\t<img decoding=\"async\" width=\"57\" height=\"106\" src=\"https:\/\/obrascatolicas.com\/editorarealeza\/wp-content\/uploads\/2024\/05\/LOGO.png\" class=\"attachment-large size-large wp-image-156988\" alt=\"\" \/>\t\t\t\t\t\t\t\t\t\t\t\t\t\t\t<\/div>\n\t\t\t\t<\/div>\n\t\t\t\t\t<\/div>\n\t\t\t\t<\/div>\n\t\t\t\t\t<\/div>\n\t\t\t\t<\/div>\n\t\t\t\t<\/div>\n\t\t\t\t<\/div>\n\t\t","protected":false},"excerpt":{"rendered":"<p>As 24 Teses da Filosofia de Santo Tom\u00e1s de Aquino PE. GUIDO MATTIUSSI, S. J. GARANTIR OBRA As 24 Teses Tomistas \u00e9 a obra ideal para se conhecer os postulados principais da genu\u00edna Filosofia Tomista.&nbsp; Em 24 teses fundamentais, a Filosofia de Santo Tom\u00e1s de Aquino: a mais eficaz em rebater os erros, a mais [&hellip;]<\/p>\n","protected":false},"author":2,"featured_media":157005,"parent":0,"menu_order":0,"comment_status":"closed","ping_status":"closed","template":"elementor_canvas","meta":{"site-sidebar-layout":"no-sidebar","site-content-layout":"page-builder","ast-site-content-layout":"default","site-content-style":"default","site-sidebar-style":"default","ast-global-header-display":"","ast-banner-title-visibility":"","ast-main-header-display":"","ast-hfb-above-header-display":"","ast-hfb-below-header-display":"","ast-hfb-mobile-header-display":"","site-post-title":"disabled","ast-breadcrumbs-content":"","ast-featured-img":"disabled","footer-sml-layout":"","ast-disable-related-posts":"","theme-transparent-header-meta":"","adv-header-id-meta":"","stick-header-meta":"","header-above-stick-meta":"","header-main-stick-meta":"","header-below-stick-meta":"","astra-migrate-meta-layouts":"default","ast-page-background-enabled":"default","ast-page-background-meta":{"desktop":{"background-color":"","background-image":"","background-repeat":"repeat","background-position":"center center","background-size":"auto","background-attachment":"scroll","background-type":"","background-media":"","overlay-type":"","overlay-color":"","overlay-opacity":"","overlay-gradient":""},"tablet":{"background-color":"","background-image":"","background-repeat":"repeat","background-position":"center center","background-size":"auto","background-attachment":"scroll","background-type":"","background-media":"","overlay-type":"","overlay-color":"","overlay-opacity":"","overlay-gradient":""},"mobile":{"background-color":"","background-image":"","background-repeat":"repeat","background-position":"center center","background-size":"auto","background-attachment":"scroll","background-type":"","background-media":"","overlay-type":"","overlay-color":"","overlay-opacity":"","overlay-gradient":""}},"ast-content-background-meta":{"desktop":{"background-color":"var(--ast-global-color-5)","background-image":"","background-repeat":"repeat","background-position":"center center","background-size":"auto","background-attachment":"scroll","background-type":"","background-media":"","overlay-type":"","overlay-color":"","overlay-opacity":"","overlay-gradient":""},"tablet":{"background-color":"var(--ast-global-color-5)","background-image":"","background-repeat":"repeat","background-position":"center center","background-size":"auto","background-attachment":"scroll","background-type":"","background-media":"","overlay-type":"","overlay-color":"","overlay-opacity":"","overlay-gradient":""},"mobile":{"background-color":"var(--ast-global-color-5)","background-image":"","background-repeat":"repeat","background-position":"center center","background-size":"auto","background-attachment":"scroll","background-type":"","background-media":"","overlay-type":"","overlay-color":"","overlay-opacity":"","overlay-gradient":""}},"footnotes":""},"folder":[],"class_list":["post-156977","page","type-page","status-publish","has-post-thumbnail","hentry"],"_links":{"self":[{"href":"https:\/\/obrascatolicas.com\/editorarealeza\/wp-json\/wp\/v2\/pages\/156977","targetHints":{"allow":["GET"]}}],"collection":[{"href":"https:\/\/obrascatolicas.com\/editorarealeza\/wp-json\/wp\/v2\/pages"}],"about":[{"href":"https:\/\/obrascatolicas.com\/editorarealeza\/wp-json\/wp\/v2\/types\/page"}],"author":[{"embeddable":true,"href":"https:\/\/obrascatolicas.com\/editorarealeza\/wp-json\/wp\/v2\/users\/2"}],"replies":[{"embeddable":true,"href":"https:\/\/obrascatolicas.com\/editorarealeza\/wp-json\/wp\/v2\/comments?post=156977"}],"version-history":[{"count":3,"href":"https:\/\/obrascatolicas.com\/editorarealeza\/wp-json\/wp\/v2\/pages\/156977\/revisions"}],"predecessor-version":[{"id":159074,"href":"https:\/\/obrascatolicas.com\/editorarealeza\/wp-json\/wp\/v2\/pages\/156977\/revisions\/159074"}],"wp:featuredmedia":[{"embeddable":true,"href":"https:\/\/obrascatolicas.com\/editorarealeza\/wp-json\/wp\/v2\/media\/157005"}],"wp:attachment":[{"href":"https:\/\/obrascatolicas.com\/editorarealeza\/wp-json\/wp\/v2\/media?parent=156977"}],"wp:term":[{"taxonomy":"folder","embeddable":true,"href":"https:\/\/obrascatolicas.com\/editorarealeza\/wp-json\/wp\/v2\/folder?post=156977"}],"curies":[{"name":"wp","href":"https:\/\/api.w.org\/{rel}","templated":true}]}}